{"id":3313,"date":"2023-03-27T14:28:08","date_gmt":"2023-03-27T14:28:08","guid":{"rendered":"https:\/\/webtosell01.es\/webs\/euroembalaje\/?page_id=3313"},"modified":"2023-11-22T14:58:26","modified_gmt":"2023-11-22T14:58:26","slug":"film-estirable-manual","status":"publish","type":"page","link":"https:\/\/pratbosch.com\/es\/film-estirable-manual\/","title":{"rendered":"Film estirable manual"},"content":{"rendered":"\t\t<div data-elementor-type=\"wp-page\" data-elementor-id=\"3313\" class=\"elementor elementor-3313\" data-elementor-post-type=\"page\">\n\t\t\t\t\t\t\t<div class=\"elementor-element elementor-element-e1c48f6 e-flex e-con-boxed e-con e-parent\" data-id=\"e1c48f6\" data-element_type=\"container\" data-settings=\"{&quot;background_background&quot;:&quot;classic&quot;,&quot;content_width&quot;:&quot;boxed&quot;}\" data-core-v316-plus=\"true\">\n\t\t\t\t\t<div class=\"e-con-inner\">\n\t\t<div class=\"elementor-element elementor-element-43b37b8 e-flex e-con-boxed e-con e-child\" data-id=\"43b37b8\" data-element_type=\"container\" data-settings=\"{&quot;background_background&quot;:&quot;classic&quot;,&quot;content_width&quot;:&quot;boxed&quot;}\">\n\t\t\t\t\t<div class=\"e-con-inner\">\n\t\t<div class=\"elementor-element elementor-element-5b3b03f e-con-full e-flex e-con e-child\" data-id=\"5b3b03f\" data-element_type=\"container\" data-settings=\"{&quot;background_background&quot;:&quot;classic&quot;,&quot;content_width&quot;:&quot;full&quot;}\">\n\t\t<div class=\"elementor-element elementor-element-a494f97 e-con-full e-flex e-con e-child\" data-id=\"a494f97\" data-element_type=\"container\" data-settings=\"{&quot;background_background&quot;:&quot;classic&quot;,&quot;content_width&quot;:&quot;full&quot;}\">\n\t\t\t\t<div class=\"elementor-element elementor-element-e968ec2 elementor-widget elementor-widget-text-editor\" data-id=\"e968ec2\" data-element_type=\"widget\" data-widget_type=\"text-editor.default\">\n\t\t\t\t<div class=\"elementor-widget-container\">\n\t\t\t<style>\/*! elementor - v3.17.0 - 08-11-2023 *\/\n.elementor-widget-text-editor.elementor-drop-cap-view-stacked .elementor-drop-cap{background-color:#69727d;color:#fff}.elementor-widget-text-editor.elementor-drop-cap-view-framed .elementor-drop-cap{color:#69727d;border:3px solid;background-color:transparent}.elementor-widget-text-editor:not(.elementor-drop-cap-view-default) .elementor-drop-cap{margin-top:8px}.elementor-widget-text-editor:not(.elementor-drop-cap-view-default) .elementor-drop-cap-letter{width:1em;height:1em}.elementor-widget-text-editor .elementor-drop-cap{float:left;text-align:center;line-height:1;font-size:50px}.elementor-widget-text-editor .elementor-drop-cap-letter{display:inline-block}<\/style>\t\t\t\t<p><span style=\"color: #000000;\"><a style=\"color: #000000;\" href=\"https:\/\/pratbosch.com\/es\">Inicio<\/a> <\/span>&gt;\u00a0 <a href=\"https:\/\/pratbosch.com\/es\/films-estirables\/\"><span style=\"color: #000000;\"><span style=\"text-decoration: underline;\">Film estirable<\/span> <\/span><\/a>&gt; Film estirable manual<\/p>\t\t\t\t\t\t<\/div>\n\t\t\t\t<\/div>\n\t\t\t\t<\/div>\n\t\t\t\t<\/div>\n\t\t\t\t<div class=\"elementor-element elementor-element-7fa2ae6 elementor-widget elementor-widget-heading\" data-id=\"7fa2ae6\" data-element_type=\"widget\" data-widget_type=\"heading.default\">\n\t\t\t\t<div class=\"elementor-widget-container\">\n\t\t\t<style>\/*! elementor - v3.17.0 - 08-11-2023 *\/\n.elementor-heading-title{padding:0;margin:0;line-height:1}.elementor-widget-heading .elementor-heading-title[class*=elementor-size-]>a{color:inherit;font-size:inherit;line-height:inherit}.elementor-widget-heading .elementor-heading-title.elementor-size-small{font-size:15px}.elementor-widget-heading .elementor-heading-title.elementor-size-medium{font-size:19px}.elementor-widget-heading .elementor-heading-title.elementor-size-large{font-size:29px}.elementor-widget-heading .elementor-heading-title.elementor-size-xl{font-size:39px}.elementor-widget-heading .elementor-heading-title.elementor-size-xxl{font-size:59px}<\/style><h1 class=\"elementor-heading-title elementor-size-default\">Film estirable manual<\/h1>\t\t<\/div>\n\t\t\t\t<\/div>\n\t\t\t\t<div class=\"elementor-element elementor-element-c4d564a elementor-widget elementor-widget-text-editor\" data-id=\"c4d564a\" data-element_type=\"widget\" data-widget_type=\"text-editor.default\">\n\t\t\t\t<div class=\"elementor-widget-container\">\n\t\t\t\t\t\t\t<p>Film estirable de polietileno de baja densidad (LLDPE) para paletizar de forma manual su mercanc\u00eda. Disponemos de film con diferentes micrajes para reducir el consumo de pl\u00e1stico y, a la vez, garantizar m\u00e1s resistencia a la rotura y al rasgado.<\/p>\t\t\t\t\t\t<\/div>\n\t\t\t\t<\/div>\n\t\t\t\t\t<\/div>\n\t\t\t\t<\/div>\n\t\t<div class=\"elementor-element elementor-element-2afd592 e-flex e-con-boxed e-con e-child\" data-id=\"2afd592\" data-element_type=\"container\" data-settings=\"{&quot;background_background&quot;:&quot;classic&quot;,&quot;content_width&quot;:&quot;boxed&quot;}\">\n\t\t\t\t\t<div class=\"e-con-inner\">\n\t\t\t\t\t<\/div>\n\t\t\t\t<\/div>\n\t\t\t\t\t<\/div>\n\t\t\t\t<\/div>\n\t\t<div class=\"elementor-element elementor-element-d818c95 e-flex e-con-boxed e-con e-parent\" data-id=\"d818c95\" data-element_type=\"container\" data-settings=\"{&quot;content_width&quot;:&quot;boxed&quot;}\" data-core-v316-plus=\"true\">\n\t\t\t\t\t<div class=\"e-con-inner\">\n\t\t<div class=\"elementor-element elementor-element-3876770 e-con-full e-flex e-con e-child\" data-id=\"3876770\" data-element_type=\"container\" data-settings=\"{&quot;content_width&quot;:&quot;full&quot;}\">\n\t\t\t\t<div class=\"elementor-element elementor-element-102ad5e elementor-widget elementor-widget-text-editor\" data-id=\"102ad5e\" data-element_type=\"widget\" data-widget_type=\"text-editor.default\">\n\t\t\t\t<div class=\"elementor-widget-container\">\n\t\t\t\t\t\t\t<p><span data-sheets-value=\"{&quot;1&quot;:2,&quot;2&quot;:&quot;Garant\u00eda de resistencia y seguridad en el paletizado manual.&quot;}\" data-sheets-userformat=\"{&quot;2&quot;:15165,&quot;3&quot;:{&quot;1&quot;:0},&quot;5&quot;:{&quot;1&quot;:[{&quot;1&quot;:2,&quot;2&quot;:0,&quot;5&quot;:{&quot;1&quot;:2,&quot;2&quot;:0}},{&quot;1&quot;:0,&quot;2&quot;:0,&quot;3&quot;:3},{&quot;1&quot;:1,&quot;2&quot;:0,&quot;4&quot;:1}]},&quot;6&quot;:{&quot;1&quot;:[{&quot;1&quot;:2,&quot;2&quot;:0,&quot;5&quot;:{&quot;1&quot;:2,&quot;2&quot;:0}},{&quot;1&quot;:0,&quot;2&quot;:0,&quot;3&quot;:3},{&quot;1&quot;:1,&quot;2&quot;:0,&quot;4&quot;:1}]},&quot;7&quot;:{&quot;1&quot;:[{&quot;1&quot;:2,&quot;2&quot;:0,&quot;5&quot;:{&quot;1&quot;:2,&quot;2&quot;:0}},{&quot;1&quot;:0,&quot;2&quot;:0,&quot;3&quot;:3},{&quot;1&quot;:1,&quot;2&quot;:0,&quot;4&quot;:1}]},&quot;8&quot;:{&quot;1&quot;:[{&quot;1&quot;:2,&quot;2&quot;:0,&quot;5&quot;:{&quot;1&quot;:2,&quot;2&quot;:0}},{&quot;1&quot;:0,&quot;2&quot;:0,&quot;3&quot;:3},{&quot;1&quot;:1,&quot;2&quot;:0,&quot;4&quot;:1}]},&quot;11&quot;:4,&quot;12&quot;:0,&quot;14&quot;:{&quot;1&quot;:2,&quot;2&quot;:0},&quot;15&quot;:&quot;Calibri, sans-serif&quot;,&quot;16&quot;:11}\">Garant\u00eda de resistencia y seguridad en el paletizado manual.<\/span><\/p>\t\t\t\t\t\t<\/div>\n\t\t\t\t<\/div>\n\t\t\t\t<div class=\"elementor-element elementor-element-323f143 elementor-align-left elementor-hidden-desktop elementor-hidden-tablet elementor-hidden-mobile elementor-widget elementor-widget-button\" data-id=\"323f143\" data-element_type=\"widget\" data-widget_type=\"button.default\">\n\t\t\t\t<div class=\"elementor-widget-container\">\n\t\t\t\t\t<div class=\"elementor-button-wrapper\">\n\t\t\t<a class=\"elementor-button elementor-button-link elementor-size-sm\" href=\"https:\/\/pratbosch.com\/film-estirable-mas-adecuado-uso\/\">\n\t\t\t\t\t\t<span class=\"elementor-button-content-wrapper\">\n\t\t\t\t\t\t<span class=\"elementor-button-icon elementor-align-icon-right\">\n\t\t\t\t<i aria-hidden=\"true\" class=\"fas fa-long-arrow-alt-right\"><\/i>\t\t\t<\/span>\n\t\t\t\t\t\t<span class=\"elementor-button-text\">\u00bfM\u00e1s informaci\u00f3n? Visita nuestro blog<\/span>\n\t\t<\/span>\n\t\t\t\t\t<\/a>\n\t\t<\/div>\n\t\t\t\t<\/div>\n\t\t\t\t<\/div>\n\t\t\t\t<\/div>\n\t\t<div class=\"elementor-element elementor-element-ac28f2d e-con-full e-flex e-con e-child\" data-id=\"ac28f2d\" data-element_type=\"container\" data-settings=\"{&quot;content_width&quot;:&quot;full&quot;}\">\n\t\t\t\t<div class=\"elementor-element elementor-element-cc4ec9a elementor-widget elementor-widget-heading\" data-id=\"cc4ec9a\" data-element_type=\"widget\" data-widget_type=\"heading.default\">\n\t\t\t\t<div class=\"elementor-widget-container\">\n\t\t\t<h6 class=\"elementor-heading-title elementor-size-default\">CARACTER\u00cdSTICAS<\/h6>\t\t<\/div>\n\t\t\t\t<\/div>\n\t\t\t\t<div class=\"elementor-element elementor-element-0fe1e5f elementor-widget elementor-widget-text-editor\" data-id=\"0fe1e5f\" data-element_type=\"widget\" data-widget_type=\"text-editor.default\">\n\t\t\t\t<div class=\"elementor-widget-container\">\n\t\t\t\t\t\t\t<ul class=\"ul-caract\"><li><span data-sheets-value=\"{&quot;1&quot;:2,&quot;2&quot;:&quot;\u2022 Alta resistencia al rasgado.\\n \u2022 Flexibilidad y elasticidad garantizadas.\\n- Disponible en varios micrajes desde 12 hasta 35 my.\\n- Disponible en varios colores.&quot;}\" data-sheets-userformat=\"{&quot;2&quot;:15147,&quot;3&quot;:{&quot;1&quot;:0},&quot;4&quot;:{&quot;1&quot;:2,&quot;2&quot;:13228792},&quot;6&quot;:{&quot;1&quot;:[{&quot;1&quot;:2,&quot;2&quot;:0,&quot;5&quot;:{&quot;1&quot;:2,&quot;2&quot;:0}},{&quot;1&quot;:0,&quot;2&quot;:0,&quot;3&quot;:3},{&quot;1&quot;:1,&quot;2&quot;:0,&quot;4&quot;:1}]},&quot;8&quot;:{&quot;1&quot;:[{&quot;1&quot;:2,&quot;2&quot;:0,&quot;5&quot;:{&quot;1&quot;:2,&quot;2&quot;:0}},{&quot;1&quot;:0,&quot;2&quot;:0,&quot;3&quot;:3},{&quot;1&quot;:1,&quot;2&quot;:0,&quot;4&quot;:1}]},&quot;11&quot;:4,&quot;12&quot;:0,&quot;14&quot;:{&quot;1&quot;:2,&quot;2&quot;:0},&quot;15&quot;:&quot;Calibri, sans-serif&quot;,&quot;16&quot;:11}\">Alta resistencia al rasgado.<\/span><\/li><li><span data-sheets-value=\"{&quot;1&quot;:2,&quot;2&quot;:&quot;\u2022 Alta resistencia al rasgado.\\n \u2022 Flexibilidad y elasticidad garantizadas.\\n- Disponible en varios micrajes desde 12 hasta 35 my.\\n- Disponible en varios colores.&quot;}\" data-sheets-userformat=\"{&quot;2&quot;:15147,&quot;3&quot;:{&quot;1&quot;:0},&quot;4&quot;:{&quot;1&quot;:2,&quot;2&quot;:13228792},&quot;6&quot;:{&quot;1&quot;:[{&quot;1&quot;:2,&quot;2&quot;:0,&quot;5&quot;:{&quot;1&quot;:2,&quot;2&quot;:0}},{&quot;1&quot;:0,&quot;2&quot;:0,&quot;3&quot;:3},{&quot;1&quot;:1,&quot;2&quot;:0,&quot;4&quot;:1}]},&quot;8&quot;:{&quot;1&quot;:[{&quot;1&quot;:2,&quot;2&quot;:0,&quot;5&quot;:{&quot;1&quot;:2,&quot;2&quot;:0}},{&quot;1&quot;:0,&quot;2&quot;:0,&quot;3&quot;:3},{&quot;1&quot;:1,&quot;2&quot;:0,&quot;4&quot;:1}]},&quot;11&quot;:4,&quot;12&quot;:0,&quot;14&quot;:{&quot;1&quot;:2,&quot;2&quot;:0},&quot;15&quot;:&quot;Calibri, sans-serif&quot;,&quot;16&quot;:11}\">Flexibilidad y elasticidad garantizadas.<\/span><\/li><li><span data-sheets-value=\"{&quot;1&quot;:2,&quot;2&quot;:&quot;\u2022 Alta resistencia al rasgado.\\n \u2022 Flexibilidad y elasticidad garantizadas.\\n- Disponible en varios micrajes desde 12 hasta 35 my.\\n- Disponible en varios colores.&quot;}\" data-sheets-userformat=\"{&quot;2&quot;:15147,&quot;3&quot;:{&quot;1&quot;:0},&quot;4&quot;:{&quot;1&quot;:2,&quot;2&quot;:13228792},&quot;6&quot;:{&quot;1&quot;:[{&quot;1&quot;:2,&quot;2&quot;:0,&quot;5&quot;:{&quot;1&quot;:2,&quot;2&quot;:0}},{&quot;1&quot;:0,&quot;2&quot;:0,&quot;3&quot;:3},{&quot;1&quot;:1,&quot;2&quot;:0,&quot;4&quot;:1}]},&quot;8&quot;:{&quot;1&quot;:[{&quot;1&quot;:2,&quot;2&quot;:0,&quot;5&quot;:{&quot;1&quot;:2,&quot;2&quot;:0}},{&quot;1&quot;:0,&quot;2&quot;:0,&quot;3&quot;:3},{&quot;1&quot;:1,&quot;2&quot;:0,&quot;4&quot;:1}]},&quot;11&quot;:4,&quot;12&quot;:0,&quot;14&quot;:{&quot;1&quot;:2,&quot;2&quot;:0},&quot;15&quot;:&quot;Calibri, sans-serif&quot;,&quot;16&quot;:11}\">Disponible en varios micrajes desde 12 hasta 35 my.<\/span><\/li><li><span data-sheets-value=\"{&quot;1&quot;:2,&quot;2&quot;:&quot;\u2022 Alta resistencia al rasgado.\\n \u2022 Flexibilidad y elasticidad garantizadas.\\n- Disponible en varios micrajes desde 12 hasta 35 my.\\n- Disponible en varios colores.&quot;}\" data-sheets-userformat=\"{&quot;2&quot;:15147,&quot;3&quot;:{&quot;1&quot;:0},&quot;4&quot;:{&quot;1&quot;:2,&quot;2&quot;:13228792},&quot;6&quot;:{&quot;1&quot;:[{&quot;1&quot;:2,&quot;2&quot;:0,&quot;5&quot;:{&quot;1&quot;:2,&quot;2&quot;:0}},{&quot;1&quot;:0,&quot;2&quot;:0,&quot;3&quot;:3},{&quot;1&quot;:1,&quot;2&quot;:0,&quot;4&quot;:1}]},&quot;8&quot;:{&quot;1&quot;:[{&quot;1&quot;:2,&quot;2&quot;:0,&quot;5&quot;:{&quot;1&quot;:2,&quot;2&quot;:0}},{&quot;1&quot;:0,&quot;2&quot;:0,&quot;3&quot;:3},{&quot;1&quot;:1,&quot;2&quot;:0,&quot;4&quot;:1}]},&quot;11&quot;:4,&quot;12&quot;:0,&quot;14&quot;:{&quot;1&quot;:2,&quot;2&quot;:0},&quot;15&quot;:&quot;Calibri, sans-serif&quot;,&quot;16&quot;:11}\">Disponible en varios colores.<\/span><\/li><\/ul>\t\t\t\t\t\t<\/div>\n\t\t\t\t<\/div>\n\t\t\t\t<\/div>\n\t\t\t\t\t<\/div>\n\t\t\t\t<\/div>\n\t\t<div class=\"elementor-element elementor-element-45d879c e-con-full e-flex e-con e-parent\" data-id=\"45d879c\" data-element_type=\"container\" data-settings=\"{&quot;background_background&quot;:&quot;classic&quot;,&quot;content_width&quot;:&quot;full&quot;}\" data-core-v316-plus=\"true\">\n\t\t<div class=\"elementor-element elementor-element-9e64eff e-con-full elementor-hidden-tablet elementor-hidden-mobile e-flex e-con e-child\" data-id=\"9e64eff\" data-element_type=\"container\" data-settings=\"{&quot;content_width&quot;:&quot;full&quot;}\">\n\t\t\t\t<div class=\"elementor-element elementor-element-cf31002 elementor-widget__width-inherit elementor-widget elementor-widget-image\" data-id=\"cf31002\" data-element_type=\"widget\" data-widget_type=\"image.default\">\n\t\t\t\t<div class=\"elementor-widget-container\">\n\t\t\t<style>\/*! elementor - v3.17.0 - 08-11-2023 *\/\n.elementor-widget-image{text-align:center}.elementor-widget-image a{display:inline-block}.elementor-widget-image a img[src$=\".svg\"]{width:48px}.elementor-widget-image img{vertical-align:middle;display:inline-block}<\/style>\t\t\t\t\t\t\t\t\t\t\t\t<img decoding=\"async\" width=\"1200\" height=\"600\" src=\"https:\/\/pratbosch.com\/wp-content\/uploads\/2023\/04\/chica-de-centro-de-soporte.webp\" class=\"attachment-full size-full wp-image-7228\" alt=\"\" srcset=\"https:\/\/pratbosch.com\/wp-content\/uploads\/2023\/04\/chica-de-centro-de-soporte.webp 1200w, https:\/\/pratbosch.com\/wp-content\/uploads\/2023\/04\/chica-de-centro-de-soporte-300x150.webp 300w, https:\/\/pratbosch.com\/wp-content\/uploads\/2023\/04\/chica-de-centro-de-soporte-1024x512.webp 1024w, https:\/\/pratbosch.com\/wp-content\/uploads\/2023\/04\/chica-de-centro-de-soporte-768x384.webp 768w\" sizes=\"(max-width: 1200px) 100vw, 1200px\" \/>\t\t\t\t\t\t\t\t\t\t\t\t\t\t\t<\/div>\n\t\t\t\t<\/div>\n\t\t\t\t<\/div>\n\t\t<div class=\"elementor-element elementor-element-0ae638b e-con-full e-flex e-con e-child\" data-id=\"0ae638b\" data-element_type=\"container\" data-settings=\"{&quot;content_width&quot;:&quot;full&quot;,&quot;background_background&quot;:&quot;classic&quot;}\">\n\t\t\t\t<div class=\"elementor-element elementor-element-911244a elementor-widget elementor-widget-heading\" data-id=\"911244a\" data-element_type=\"widget\" data-widget_type=\"heading.default\">\n\t\t\t\t<div class=\"elementor-widget-container\">\n\t\t\t<h2 class=\"elementor-heading-title elementor-size-default\">\u00bfNo tienes claro qu\u00e9 es lo que tu negocio necesita?<\/h2>\t\t<\/div>\n\t\t\t\t<\/div>\n\t\t\t\t<div class=\"elementor-element elementor-element-b482285 elementor-widget elementor-widget-text-editor\" data-id=\"b482285\" data-element_type=\"widget\" data-widget_type=\"text-editor.default\">\n\t\t\t\t<div class=\"elementor-widget-container\">\n\t\t\t\t\t\t\t<p>Cont\u00e1ctanos y nuestros especialistas en packaging te ayudar\u00e1n a encontrar la soluci\u00f3n de embalaje adecuada para tu empresa.<\/p>\t\t\t\t\t\t<\/div>\n\t\t\t\t<\/div>\n\t\t\t\t<div class=\"elementor-element elementor-element-462c78c elementor-widget elementor-widget-button\" data-id=\"462c78c\" data-element_type=\"widget\" data-widget_type=\"button.default\">\n\t\t\t\t<div class=\"elementor-widget-container\">\n\t\t\t\t\t<div class=\"elementor-button-wrapper\">\n\t\t\t<a class=\"elementor-button elementor-button-link elementor-size-lg\" href=\"https:\/\/pratbosch.com\/es\/contacto\/\">\n\t\t\t\t\t\t<span class=\"elementor-button-content-wrapper\">\n\t\t\t\t\t\t<span class=\"elementor-button-text\">CONTACTAR       <\/span>\n\t\t<\/span>\n\t\t\t\t\t<\/a>\n\t\t<\/div>\n\t\t\t\t<\/div>\n\t\t\t\t<\/div>\n\t\t\t\t<\/div>\n\t\t\t\t<\/div>\n\t\t<div class=\"elementor-element elementor-element-9366740 e-flex e-con-boxed e-con e-parent\" data-id=\"9366740\" data-element_type=\"container\" data-settings=\"{&quot;content_width&quot;:&quot;boxed&quot;}\" data-core-v316-plus=\"true\">\n\t\t\t\t\t<div class=\"e-con-inner\">\n\t\t\t\t<div class=\"elementor-element elementor-element-4814fc1 elementor-widget elementor-widget-heading\" data-id=\"4814fc1\" data-element_type=\"widget\" data-widget_type=\"heading.default\">\n\t\t\t\t<div class=\"elementor-widget-container\">\n\t\t\t<h2 class=\"elementor-heading-title elementor-size-default\">Productos relacionados<\/h2>\t\t<\/div>\n\t\t\t\t<\/div>\n\t\t\t\t<div class=\"elementor-element elementor-element-7a45221 elementor-widget elementor-widget-premium-carousel-widget\" data-id=\"7a45221\" data-element_type=\"widget\" data-widget_type=\"premium-carousel-widget.default\">\n\t\t\t\t<div class=\"elementor-widget-container\">\n\t\t\t\r\n\t\t<div id=\"premium-carousel-wrapper-7a45221\" class=\"premium-carousel-wrapper premium-carousel-hidden carousel-wrapper-7a45221   premium-carousel-dots-below\" data-settings=\"{&quot;vertical&quot;:false,&quot;slidesToScroll&quot;:4,&quot;slidesToShow&quot;:4,&quot;infinite&quot;:true,&quot;speed&quot;:300,&quot;fade&quot;:false,&quot;autoplay&quot;:true,&quot;autoplaySpeed&quot;:5000,&quot;draggable&quot;:true,&quot;touchMove&quot;:true,&quot;rtl&quot;:false,&quot;adaptiveHeight&quot;:false,&quot;variableWidth&quot;:false,&quot;cssEase&quot;:&quot;ease&quot;,&quot;pauseOnHover&quot;:false,&quot;centerMode&quot;:false,&quot;arrows&quot;:false,&quot;dots&quot;:true,&quot;slidesDesk&quot;:4,&quot;slidesTab&quot;:2,&quot;slidesMob&quot;:1,&quot;animation&quot;:&quot;null&quot;,&quot;tabletBreak&quot;:1025,&quot;mobileBreak&quot;:768,&quot;navigation&quot;:[&quot;&quot;,&quot;&quot;,&quot;&quot;,&quot;&quot;],&quot;carouselNavigation&quot;:&quot;dots&quot;,&quot;templatesNumber&quot;:4}\">\r\n\t\t\t\t\t\t<div class=\"premium-carousel-nav-dot\">\r\n\t\t\t\t\t\t\t\t<i class=\"fas fa-circle\" aria-hidden=\"true\"><\/i>\r\n\t\t\t\t\t\t\t\t<\/div>\r\n\t\t\t\t\t\t\t<div id=\"premium-carousel-7a45221\" class=\"premium-carousel-inner\">\r\n\t\t\t\t\t\t<div class=\"premium-carousel-template item-wrapper\">\r\n\t\t\t\t\t\t\t<div data-elementor-type=\"page\" data-elementor-id=\"8010\" class=\"elementor elementor-8010\" data-elementor-post-type=\"elementor_library\">\n\t\t\t\t\t\t\t<div class=\"elementor-element elementor-element-542a7c2 e-flex e-con-boxed e-con e-parent\" data-id=\"542a7c2\" data-element_type=\"container\" data-settings=\"{&quot;content_width&quot;:&quot;boxed&quot;}\" data-core-v316-plus=\"true\">\n\t\t\t\t\t<div class=\"e-con-inner\">\n\t\t\t\t\t<\/div>\n\t\t\t\t<\/div>\n\t\t<div class=\"elementor-element elementor-element-9a93c84 e-flex e-con-boxed e-con e-parent\" data-id=\"9a93c84\" data-element_type=\"container\" data-settings=\"{&quot;content_width&quot;:&quot;boxed&quot;}\" data-core-v316-plus=\"true\">\n\t\t\t\t\t<div class=\"e-con-inner\">\n\t\t\t\t<div class=\"elementor-element elementor-element-221a403 elementor-widget elementor-widget-image\" data-id=\"221a403\" data-element_type=\"widget\" data-widget_type=\"image.default\">\n\t\t\t\t<div class=\"elementor-widget-container\">\n\t\t\t\t\t\t\t\t\t\t\t\t\t\t\t\t<a href=\"https:\/\/pratbosch.com\/es\/film-impreso\/\">\n\t\t\t\t\t\t\t<img decoding=\"async\" width=\"355\" height=\"336\" src=\"https:\/\/pratbosch.com\/wp-content\/uploads\/2023\/06\/film-impreso-1.jpg\" class=\"attachment-large size-large wp-image-8174\" alt=\"\" srcset=\"https:\/\/pratbosch.com\/wp-content\/uploads\/2023\/06\/film-impreso-1.jpg 355w, https:\/\/pratbosch.com\/wp-content\/uploads\/2023\/06\/film-impreso-1-300x284.jpg 300w\" sizes=\"(max-width: 355px) 100vw, 355px\" \/>\t\t\t\t\t\t\t\t<\/a>\n\t\t\t\t\t\t\t\t\t\t\t\t\t\t\t<\/div>\n\t\t\t\t<\/div>\n\t\t\t\t\t<\/div>\n\t\t\t\t<\/div>\n\t\t\t\t\t\t\t<\/div>\n\t\t\t\t\t\t\t\t\t\t\t<\/div>\r\n\t\t\t\t\t\t\t\t<div class=\"premium-carousel-template item-wrapper\">\r\n\t\t\t\t\t\t\t<div data-elementor-type=\"page\" data-elementor-id=\"8398\" class=\"elementor elementor-8398\" data-elementor-post-type=\"elementor_library\">\n\t\t\t\t\t\t\t<div class=\"elementor-element elementor-element-97ba08e e-flex e-con-boxed e-con e-parent\" data-id=\"97ba08e\" data-element_type=\"container\" data-settings=\"{&quot;content_width&quot;:&quot;boxed&quot;}\" data-core-v316-plus=\"true\">\n\t\t\t\t\t<div class=\"e-con-inner\">\n\t\t\t\t<div class=\"elementor-element elementor-element-606a7e6 elementor-widget elementor-widget-image\" data-id=\"606a7e6\" data-element_type=\"widget\" data-widget_type=\"image.default\">\n\t\t\t\t<div class=\"elementor-widget-container\">\n\t\t\t\t\t\t\t\t\t\t\t\t\t\t\t\t<a href=\"https:\/\/pratbosch.com\/es\/film-automatico\/\">\n\t\t\t\t\t\t\t<img decoding=\"async\" width=\"355\" height=\"336\" src=\"https:\/\/pratbosch.com\/wp-content\/uploads\/2023\/06\/film-automatico-1.jpg\" class=\"attachment-large size-large wp-image-8173\" alt=\"\" srcset=\"https:\/\/pratbosch.com\/wp-content\/uploads\/2023\/06\/film-automatico-1.jpg 355w, https:\/\/pratbosch.com\/wp-content\/uploads\/2023\/06\/film-automatico-1-300x284.jpg 300w\" sizes=\"(max-width: 355px) 100vw, 355px\" \/>\t\t\t\t\t\t\t\t<\/a>\n\t\t\t\t\t\t\t\t\t\t\t\t\t\t\t<\/div>\n\t\t\t\t<\/div>\n\t\t\t\t\t<\/div>\n\t\t\t\t<\/div>\n\t\t\t\t\t\t\t<\/div>\n\t\t\t\t\t\t\t\t\t\t\t<\/div>\r\n\t\t\t\t\t\t\t\t<div class=\"premium-carousel-template item-wrapper\">\r\n\t\t\t\t\t\t\t<div data-elementor-type=\"page\" data-elementor-id=\"8402\" class=\"elementor elementor-8402\" data-elementor-post-type=\"elementor_library\">\n\t\t\t\t\t\t\t<div class=\"elementor-element elementor-element-a2f6a1e e-flex e-con-boxed e-con e-parent\" data-id=\"a2f6a1e\" data-element_type=\"container\" data-settings=\"{&quot;content_width&quot;:&quot;boxed&quot;}\" data-core-v316-plus=\"true\">\n\t\t\t\t\t<div class=\"e-con-inner\">\n\t\t\t\t<div class=\"elementor-element elementor-element-d77abb9 elementor-widget elementor-widget-image\" data-id=\"d77abb9\" data-element_type=\"widget\" data-widget_type=\"image.default\">\n\t\t\t\t<div class=\"elementor-widget-container\">\n\t\t\t\t\t\t\t\t\t\t\t\t\t\t\t\t<a href=\"https:\/\/pratbosch.com\/es\/enfardadoras-semiautomaticas-eco\/\">\n\t\t\t\t\t\t\t<img decoding=\"async\" width=\"355\" height=\"336\" src=\"https:\/\/pratbosch.com\/wp-content\/uploads\/2023\/06\/enfardadora-vertical-2.jpg\" class=\"attachment-large size-large wp-image-8172\" alt=\"\" srcset=\"https:\/\/pratbosch.com\/wp-content\/uploads\/2023\/06\/enfardadora-vertical-2.jpg 355w, https:\/\/pratbosch.com\/wp-content\/uploads\/2023\/06\/enfardadora-vertical-2-300x284.jpg 300w\" sizes=\"(max-width: 355px) 100vw, 355px\" \/>\t\t\t\t\t\t\t\t<\/a>\n\t\t\t\t\t\t\t\t\t\t\t\t\t\t\t<\/div>\n\t\t\t\t<\/div>\n\t\t\t\t\t<\/div>\n\t\t\t\t<\/div>\n\t\t\t\t\t\t\t<\/div>\n\t\t\t\t\t\t\t\t\t\t\t<\/div>\r\n\t\t\t\t\t\t\t\t<div class=\"premium-carousel-template item-wrapper\">\r\n\t\t\t\t\t\t\t<div data-elementor-type=\"page\" data-elementor-id=\"8408\" class=\"elementor elementor-8408\" data-elementor-post-type=\"elementor_library\">\n\t\t\t\t\t\t\t<div class=\"elementor-element elementor-element-c71b996 e-flex e-con-boxed e-con e-parent\" data-id=\"c71b996\" data-element_type=\"container\" data-settings=\"{&quot;content_width&quot;:&quot;boxed&quot;}\" data-core-v316-plus=\"true\">\n\t\t\t\t\t<div class=\"e-con-inner\">\n\t\t\t\t<div class=\"elementor-element elementor-element-8ad8fd7 elementor-widget elementor-widget-image\" data-id=\"8ad8fd7\" data-element_type=\"widget\" data-widget_type=\"image.default\">\n\t\t\t\t<div class=\"elementor-widget-container\">\n\t\t\t\t\t\t\t\t\t\t\t\t\t\t\t\t<a href=\"https:\/\/pratbosch.com\/es\/robots-de-enfardado-s7\/\">\n\t\t\t\t\t\t\t<img decoding=\"async\" width=\"355\" height=\"336\" src=\"https:\/\/pratbosch.com\/wp-content\/uploads\/2023\/04\/Robot-enfardadora-1.jpg\" class=\"attachment-large size-large wp-image-7872\" alt=\"\" srcset=\"https:\/\/pratbosch.com\/wp-content\/uploads\/2023\/04\/Robot-enfardadora-1.jpg 355w, https:\/\/pratbosch.com\/wp-content\/uploads\/2023\/04\/Robot-enfardadora-1-300x284.jpg 300w\" sizes=\"(max-width: 355px) 100vw, 355px\" \/>\t\t\t\t\t\t\t\t<\/a>\n\t\t\t\t\t\t\t\t\t\t\t\t\t\t\t<\/div>\n\t\t\t\t<\/div>\n\t\t\t\t\t<\/div>\n\t\t\t\t<\/div>\n\t\t\t\t\t\t\t<\/div>\n\t\t\t\t\t\t\t\t\t\t\t<\/div>\r\n\t\t\t\t\t\t\t<\/div>\r\n\t\t\t\t\t<\/div>\r\n\t\t\t\t<\/div>\n\t\t\t\t<\/div>\n\t\t\t\t\t<\/div>\n\t\t\t\t<\/div>\n\t\t\t\t\t\t\t<\/div>\n\t\t","protected":false},"excerpt":{"rendered":"<p> &hellip;<\/p>\n<p class=\"read-more\"> <a class=\"\" href=\"https:\/\/pratbosch.com\/es\/film-estirable-manual\/\"> <span class=\"screen-reader-text\">Film estirable manual<\/span> Leer m\u00e1s &raquo;<\/a><\/p>\n","protected":false},"author":1,"featured_media":0,"parent":0,"menu_order":0,"comment_status":"closed","ping_status":"closed","template":"","meta":{"site-sidebar-layout":"no-sidebar","site-content-layout":"page-builder","ast-global-header-display":"","ast-main-header-display":"","ast-hfb-above-header-display":"","ast-hfb-below-header-display":"","ast-hfb-mobile-header-display":"","site-post-title":"disabled","ast-breadcrumbs-content":"","ast-featured-img":"disabled","footer-sml-layout":"","theme-transparent-header-meta":"","adv-header-id-meta":"","stick-header-meta":"","header-above-stick-meta":"","header-main-stick-meta":"","header-below-stick-meta":"","footnotes":""},"class_list":["post-3313","page","type-page","status-publish","hentry"],"_links":{"self":[{"href":"https:\/\/pratbosch.com\/es\/wp-json\/wp\/v2\/pages\/3313","targetHints":{"allow":["GET"]}}],"collection":[{"href":"https:\/\/pratbosch.com\/es\/wp-json\/wp\/v2\/pages"}],"about":[{"href":"https:\/\/pratbosch.com\/es\/wp-json\/wp\/v2\/types\/page"}],"author":[{"embeddable":true,"href":"https:\/\/pratbosch.com\/es\/wp-json\/wp\/v2\/users\/1"}],"replies":[{"embeddable":true,"href":"https:\/\/pratbosch.com\/es\/wp-json\/wp\/v2\/comments?post=3313"}],"version-history":[{"count":0,"href":"https:\/\/pratbosch.com\/es\/wp-json\/wp\/v2\/pages\/3313\/revisions"}],"wp:attachment":[{"href":"https:\/\/pratbosch.com\/es\/wp-json\/wp\/v2\/media?parent=3313"}],"curies":[{"name":"wp","href":"https:\/\/api.w.org\/{rel}","templated":true}]}}